{"id":139,"date":"2022-12-28T16:07:02","date_gmt":"2022-12-28T15:07:02","guid":{"rendered":"https:\/\/dream-site.net\/?page_id=139"},"modified":"2025-08-24T22:41:04","modified_gmt":"2025-08-24T20:41:04","slug":"who-i-am","status":"publish","type":"page","link":"http:\/\/dream-site.net\/de\/wer-ich-bin\/","title":{"rendered":"\u00dcber"},"content":{"rendered":"<div data-elementor-type=\"wp-page\" data-elementor-id=\"139\" class=\"elementor elementor-139\" data-elementor-settings=\"{&quot;ha_cmc_init_switcher&quot;:&quot;no&quot;}\" data-elementor-post-type=\"page\">\n\t\t\t\t\t\t<section class=\"elementor-section elementor-top-section elementor-element elementor-element-1351d0b elementor-section-boxed elementor-section-height-default elementor-section-height-default\" data-id=\"1351d0b\" data-element_type=\"section\" data-e-type=\"section\" data-settings=\"{&quot;background_background&quot;:&quot;classic&quot;,&quot;_ha_eqh_enable&quot;:false}\">\n\t\t\t\t\t\t<div class=\"elementor-container elementor-column-gap-default\">\n\t\t\t\t\t<div class=\"elementor-column elementor-col-100 elementor-top-column elementor-element elementor-element-694048f\" data-id=\"694048f\" data-element_type=\"column\" data-e-type=\"column\">\n\t\t\t<div class=\"elementor-widget-wrap elementor-element-populated\">\n\t\t\t\t\t\t<div class=\"elementor-element elementor-element-0ddd09e elementor-widget elementor-widget-heading\" data-id=\"0ddd09e\" data-element_type=\"widget\" data-e-type=\"widget\" data-widget_type=\"heading.default\">\n\t\t\t\t<div class=\"elementor-widget-container\">\n\t\t\t\t\t<h1 class=\"elementor-heading-title elementor-size-default\">I am a dreamer too!<\/h1>\t\t\t\t<\/div>\n\t\t\t\t<\/div>\n\t\t\t\t<div class=\"elementor-element elementor-element-d7dc31a elementor-widget elementor-widget-spacer\" data-id=\"d7dc31a\" data-element_type=\"widget\" data-e-type=\"widget\" data-widget_type=\"spacer.default\">\n\t\t\t\t<div class=\"elementor-widget-container\">\n\t\t\t\t\t\t\t<div class=\"elementor-spacer\">\n\t\t\t<div class=\"elementor-spacer-inner\"><\/div>\n\t\t<\/div>\n\t\t\t\t\t\t<\/div>\n\t\t\t\t<\/div>\n\t\t\t\t\t<\/div>\n\t\t<\/div>\n\t\t\t\t\t<\/div>\n\t\t<\/section>\n\t\t\t\t<section class=\"elementor-section elementor-top-section elementor-element elementor-element-c3d0a6b elementor-section-boxed elementor-section-height-default elementor-section-height-default\" data-id=\"c3d0a6b\" data-element_type=\"section\" data-e-type=\"section\" data-settings=\"{&quot;background_background&quot;:&quot;classic&quot;,&quot;_ha_eqh_enable&quot;:false}\">\n\t\t\t\t\t\t<div class=\"elementor-container elementor-column-gap-wider\">\n\t\t\t\t\t<div class=\"elementor-column elementor-col-50 elementor-top-column elementor-element elementor-element-e7c1d85\" data-id=\"e7c1d85\" data-element_type=\"column\" data-e-type=\"column\">\n\t\t\t<div class=\"elementor-widget-wrap elementor-element-populated\">\n\t\t\t\t\t\t<div class=\"elementor-element elementor-element-c612de9 elementor-widget elementor-widget-image\" data-id=\"c612de9\" data-element_type=\"widget\" data-e-type=\"widget\" data-widget_type=\"image.default\">\n\t\t\t\t<div class=\"elementor-widget-container\">\n\t\t\t\t\t\t\t\t\t\t\t\t\t\t\t<img fetchpriority=\"high\" decoding=\"async\" width=\"800\" height=\"732\" src=\"https:\/\/dream-site.net\/wp-content\/uploads\/2025\/08\/Lee-Samuel-Penz-Dream-Site-e.U-e1755453147872-1024x937.jpeg\" class=\"attachment-large size-large wp-image-1967\" alt=\"\" srcset=\"https:\/\/dream-site.net\/wp-content\/uploads\/2025\/08\/Lee-Samuel-Penz-Dream-Site-e.U-e1755453147872-1024x937.jpeg 1024w, https:\/\/dream-site.net\/wp-content\/uploads\/2025\/08\/Lee-Samuel-Penz-Dream-Site-e.U-e1755453147872-300x274.jpeg 300w, https:\/\/dream-site.net\/wp-content\/uploads\/2025\/08\/Lee-Samuel-Penz-Dream-Site-e.U-e1755453147872-768x703.jpeg 768w, https:\/\/dream-site.net\/wp-content\/uploads\/2025\/08\/Lee-Samuel-Penz-Dream-Site-e.U-e1755453147872-1536x1405.jpeg 1536w, https:\/\/dream-site.net\/wp-content\/uploads\/2025\/08\/Lee-Samuel-Penz-Dream-Site-e.U-e1755453147872-13x12.jpeg 13w, https:\/\/dream-site.net\/wp-content\/uploads\/2025\/08\/Lee-Samuel-Penz-Dream-Site-e.U-e1755453147872.jpeg 1669w\" sizes=\"(max-width: 800px) 100vw, 800px\" \/>\t\t\t\t\t\t\t\t\t\t\t\t\t\t\t<\/div>\n\t\t\t\t<\/div>\n\t\t\t\t\t<\/div>\n\t\t<\/div>\n\t\t\t\t<div class=\"elementor-column elementor-col-50 elementor-top-column elementor-element elementor-element-1fd17f8\" data-id=\"1fd17f8\" data-element_type=\"column\" data-e-type=\"column\">\n\t\t\t<div class=\"elementor-widget-wrap elementor-element-populated\">\n\t\t\t\t\t\t<div class=\"elementor-element elementor-element-655fb56 elementor-widget elementor-widget-heading\" data-id=\"655fb56\" data-element_type=\"widget\" data-e-type=\"widget\" data-widget_type=\"heading.default\">\n\t\t\t\t<div class=\"elementor-widget-container\">\n\t\t\t\t\t<h2 class=\"elementor-heading-title elementor-size-default\">Hallo, ich bin Lee<\/h2>\t\t\t\t<\/div>\n\t\t\t\t<\/div>\n\t\t\t\t<div class=\"elementor-element elementor-element-d2cd03e elementor-widget elementor-widget-text-editor\" data-id=\"d2cd03e\" data-element_type=\"widget\" data-e-type=\"widget\" data-widget_type=\"text-editor.default\">\n\t\t\t\t<div class=\"elementor-widget-container\">\n\t\t\t\t\t\t\t\t\t<p>Ich bin 20 Jahre alt und komme aus S\u00fcdtirol in Italien. Mit 15 Jahren habe ich angefangen, meine ersten Websites zu bauen. Meine Muttersprache ist Deutsch. Ich spreche auch ein bisschen Italienisch. Wenn ich von Webseiten tr\u00e4ume, sind es meistens keine normalen Seiten. Ich habe schon einige Seiten nur f\u00fcr mich zum Spa\u00df gemacht, die ich dann wieder gel\u00f6scht habe, weil sie mir nicht verr\u00fcckt genug waren. Wenn ich mir etwas in den Kopf gesetzt habe, kriege ich es nicht mehr raus und h\u00f6re nicht auf, bis ich 100% zufrieden bin. Wenn Sie mit mir reden wollen, k\u00f6nnen Sie mich gerne kontaktieren!<\/p>\t\t\t\t\t\t\t\t<\/div>\n\t\t\t\t<\/div>\n\t\t\t\t<div class=\"elementor-element elementor-element-abd9f3c elementor-align-center elementor-widget elementor-widget-button\" data-id=\"abd9f3c\" data-element_type=\"widget\" data-e-type=\"widget\" data-widget_type=\"button.default\">\n\t\t\t\t<div class=\"elementor-widget-container\">\n\t\t\t\t\t\t\t\t\t<div class=\"elementor-button-wrapper\">\n\t\t\t\t\t<a class=\"elementor-button elementor-button-link elementor-size-sm elementor-animation-sink\" href=\"http:\/\/dream-site.net\/de\/kontakt\/\">\n\t\t\t\t\t\t<span class=\"elementor-button-content-wrapper\">\n\t\t\t\t\t\t<span class=\"elementor-button-icon\">\n\t\t\t\t<i aria-hidden=\"true\" class=\"fas fa-arrow-right\"><\/i>\t\t\t<\/span>\n\t\t\t\t\t\t\t\t\t<span class=\"elementor-button-text\">Kontaktiere mich<\/span>\n\t\t\t\t\t<\/span>\n\t\t\t\t\t<\/a>\n\t\t\t\t<\/div>\n\t\t\t\t\t\t\t\t<\/div>\n\t\t\t\t<\/div>\n\t\t\t\t\t<\/div>\n\t\t<\/div>\n\t\t\t\t\t<\/div>\n\t\t<\/section>\n\t\t\t\t<section class=\"elementor-section elementor-top-section elementor-element elementor-element-1bf61d0 elementor-section-boxed elementor-section-height-default elementor-section-height-default\" data-id=\"1bf61d0\" data-element_type=\"section\" data-e-type=\"section\" data-settings=\"{&quot;background_background&quot;:&quot;classic&quot;,&quot;_ha_eqh_enable&quot;:false}\">\n\t\t\t\t\t\t<div class=\"elementor-container elementor-column-gap-default\">\n\t\t\t\t\t<div class=\"elementor-column elementor-col-100 elementor-top-column elementor-element elementor-element-0826c59\" data-id=\"0826c59\" data-element_type=\"column\" data-e-type=\"column\">\n\t\t\t<div class=\"elementor-widget-wrap elementor-element-populated\">\n\t\t\t\t\t\t<div class=\"elementor-element elementor-element-c4b68c0 elementor-widget elementor-widget-spacer\" data-id=\"c4b68c0\" data-element_type=\"widget\" data-e-type=\"widget\" data-widget_type=\"spacer.default\">\n\t\t\t\t<div class=\"elementor-widget-container\">\n\t\t\t\t\t\t\t<div class=\"elementor-spacer\">\n\t\t\t<div class=\"elementor-spacer-inner\"><\/div>\n\t\t<\/div>\n\t\t\t\t\t\t<\/div>\n\t\t\t\t<\/div>\n\t\t\t\t\t<\/div>\n\t\t<\/div>\n\t\t\t\t\t<\/div>\n\t\t<\/section>\n\t\t\t\t<section class=\"elementor-section elementor-top-section elementor-element elementor-element-597a1c7 elementor-section-boxed elementor-section-height-default elementor-section-height-default\" data-id=\"597a1c7\" data-element_type=\"section\" data-e-type=\"section\" data-settings=\"{&quot;background_background&quot;:&quot;classic&quot;,&quot;_ha_eqh_enable&quot;:false}\">\n\t\t\t\t\t\t<div class=\"elementor-container elementor-column-gap-default\">\n\t\t\t\t\t<div class=\"elementor-column elementor-col-50 elementor-top-column elementor-element elementor-element-48c8b16\" data-id=\"48c8b16\" data-element_type=\"column\" data-e-type=\"column\">\n\t\t\t<div class=\"elementor-widget-wrap elementor-element-populated\">\n\t\t\t\t\t\t<div class=\"elementor-element elementor-element-ba747c6 elementor-widget elementor-widget-heading\" data-id=\"ba747c6\" data-element_type=\"widget\" data-e-type=\"widget\" data-widget_type=\"heading.default\">\n\t\t\t\t<div class=\"elementor-widget-container\">\n\t\t\t\t\t<h2 class=\"elementor-heading-title elementor-size-default\">Warum Dream-Site?<\/h2>\t\t\t\t<\/div>\n\t\t\t\t<\/div>\n\t\t\t\t<div class=\"elementor-element elementor-element-bab1669 elementor-widget elementor-widget-text-editor\" data-id=\"bab1669\" data-element_type=\"widget\" data-e-type=\"widget\" data-widget_type=\"text-editor.default\">\n\t\t\t\t<div class=\"elementor-widget-container\">\n\t\t\t\t\t\t\t\t\t<p>Ich glaube, viele Menschen haben den Traum von einer sch\u00f6nen Website. Sie haben ein Bild vor Augen, wie sie ihre Website haben wollen, aber sie werden oft nicht richtig verstanden. Um weniger zu bezahlen, akzeptieren viele dann den Vorschlag des Webdesigners. Deshalb muss hier niemand extra bezahlen, wenn er etwas \u00e4ndern m\u00f6chte. Mein Ziel ist, dass du zufrieden bist.<\/p>\t\t\t\t\t\t\t\t<\/div>\n\t\t\t\t<\/div>\n\t\t\t\t<div class=\"elementor-element elementor-element-740f8ae elementor-align-center elementor-widget elementor-widget-button\" data-id=\"740f8ae\" data-element_type=\"widget\" data-e-type=\"widget\" data-widget_type=\"button.default\">\n\t\t\t\t<div class=\"elementor-widget-container\">\n\t\t\t\t\t\t\t\t\t<div class=\"elementor-button-wrapper\">\n\t\t\t\t\t<a class=\"elementor-button elementor-button-link elementor-size-sm elementor-animation-sink\" href=\"http:\/\/dream-site.net\/de\/kontakt\/\">\n\t\t\t\t\t\t<span class=\"elementor-button-content-wrapper\">\n\t\t\t\t\t\t<span class=\"elementor-button-icon\">\n\t\t\t\t<i aria-hidden=\"true\" class=\"fas fa-arrow-right\"><\/i>\t\t\t<\/span>\n\t\t\t\t\t\t\t\t\t<span class=\"elementor-button-text\">Kontaktiere mich<\/span>\n\t\t\t\t\t<\/span>\n\t\t\t\t\t<\/a>\n\t\t\t\t<\/div>\n\t\t\t\t\t\t\t\t<\/div>\n\t\t\t\t<\/div>\n\t\t\t\t\t<\/div>\n\t\t<\/div>\n\t\t\t\t<div class=\"elementor-column elementor-col-50 elementor-top-column elementor-element elementor-element-3b2cc44\" data-id=\"3b2cc44\" data-element_type=\"column\" data-e-type=\"column\">\n\t\t\t<div class=\"elementor-widget-wrap elementor-element-populated\">\n\t\t\t\t\t\t<div class=\"elementor-element elementor-element-c316494 elementor-widget elementor-widget-image\" data-id=\"c316494\" data-element_type=\"widget\" data-e-type=\"widget\" data-widget_type=\"image.default\">\n\t\t\t\t<div class=\"elementor-widget-container\">\n\t\t\t\t\t\t\t\t\t\t\t\t\t\t\t<img decoding=\"async\" width=\"300\" height=\"300\" src=\"https:\/\/dream-site.net\/wp-content\/uploads\/2022\/12\/Logo-V4-BG-300x300.png\" class=\"attachment-medium size-medium wp-image-1245\" alt=\"Das Logo der Traumseite in der Farbe Pruple mit einem dunkelvioletten Hintergrund\" srcset=\"https:\/\/dream-site.net\/wp-content\/uploads\/2022\/12\/Logo-V4-BG-300x300.png 300w, https:\/\/dream-site.net\/wp-content\/uploads\/2022\/12\/Logo-V4-BG-1024x1024.png 1024w, https:\/\/dream-site.net\/wp-content\/uploads\/2022\/12\/Logo-V4-BG-150x150.png 150w, https:\/\/dream-site.net\/wp-content\/uploads\/2022\/12\/Logo-V4-BG-768x769.png 768w, https:\/\/dream-site.net\/wp-content\/uploads\/2022\/12\/Logo-V4-BG-1536x1536.png 1536w, https:\/\/dream-site.net\/wp-content\/uploads\/2022\/12\/Logo-V4-BG-2046x2048.png 2046w, https:\/\/dream-site.net\/wp-content\/uploads\/2022\/12\/Logo-V4-BG-700x700.png 700w\" sizes=\"(max-width: 300px) 100vw, 300px\" \/>\t\t\t\t\t\t\t\t\t\t\t\t\t\t\t<\/div>\n\t\t\t\t<\/div>\n\t\t\t\t\t<\/div>\n\t\t<\/div>\n\t\t\t\t\t<\/div>\n\t\t<\/section>\n\t\t\t\t<section class=\"elementor-section elementor-top-section elementor-element elementor-element-59eebe9 elementor-section-boxed elementor-section-height-default elementor-section-height-default\" data-id=\"59eebe9\" data-element_type=\"section\" data-e-type=\"section\" data-settings=\"{&quot;background_background&quot;:&quot;classic&quot;,&quot;_ha_eqh_enable&quot;:false}\">\n\t\t\t\t\t\t<div class=\"elementor-container elementor-column-gap-default\">\n\t\t\t\t\t<div class=\"elementor-column elementor-col-100 elementor-top-column elementor-element elementor-element-2c42487\" data-id=\"2c42487\" data-element_type=\"column\" data-e-type=\"column\">\n\t\t\t<div class=\"elementor-widget-wrap elementor-element-populated\">\n\t\t\t\t\t\t<div class=\"elementor-element elementor-element-9fde10b elementor-widget elementor-widget-spacer\" data-id=\"9fde10b\" data-element_type=\"widget\" data-e-type=\"widget\" data-widget_type=\"spacer.default\">\n\t\t\t\t<div class=\"elementor-widget-container\">\n\t\t\t\t\t\t\t<div class=\"elementor-spacer\">\n\t\t\t<div class=\"elementor-spacer-inner\"><\/div>\n\t\t<\/div>\n\t\t\t\t\t\t<\/div>\n\t\t\t\t<\/div>\n\t\t\t\t<div class=\"elementor-element elementor-element-0db33df elementor-blockquote--skin-boxed elementor-blockquote--align-center elementor-widget elementor-widget-blockquote\" data-id=\"0db33df\" data-element_type=\"widget\" data-e-type=\"widget\" data-widget_type=\"blockquote.default\">\n\t\t\t\t<div class=\"elementor-widget-container\">\n\t\t\t\t\t\t\t<blockquote class=\"elementor-blockquote\">\n\t\t\t<p class=\"elementor-blockquote__content\">\n\t\t\t\t\"Meine Aufgabe ist es, eine Website zu erstellen, die dir gef\u00e4llt! Hier zahlt niemand mehr, wenn dir etwas nicht gef\u00e4llt. Erst wenn ich deinen Traum digital nachgebaut habe, bin ich zufrieden.\"\t\t\t<\/p>\n\t\t\t\t\t\t\t<div class=\"e-q-footer\">\n\t\t\t\t\t\t\t\t\t\t\t<cite class=\"elementor-blockquote__author\">Lee Penz<\/cite>\n\t\t\t\t\t\t\t\t\t\t\t\t\t\t<\/div>\n\t\t\t\t\t<\/blockquote>\n\t\t\t\t\t\t<\/div>\n\t\t\t\t<\/div>\n\t\t\t\t<div class=\"elementor-element elementor-element-035ade6 elementor-widget elementor-widget-spacer\" data-id=\"035ade6\" data-element_type=\"widget\" data-e-type=\"widget\" data-widget_type=\"spacer.default\">\n\t\t\t\t<div class=\"elementor-widget-container\">\n\t\t\t\t\t\t\t<div class=\"elementor-spacer\">\n\t\t\t<div class=\"elementor-spacer-inner\"><\/div>\n\t\t<\/div>\n\t\t\t\t\t\t<\/div>\n\t\t\t\t<\/div>\n\t\t\t\t\t<\/div>\n\t\t<\/div>\n\t\t\t\t\t<\/div>\n\t\t<\/section>\n\t\t\t\t<\/div>","protected":false},"excerpt":{"rendered":"<p>I am a dreamer too! Hi, I am Lee I am 20 years old and I come from South Tyrol in Italy. I started building my first Websites when I was 15. My native language is German. I also speak a little Italian. When I dream about websites, they are mostly not normal sites. I [&hellip;]<\/p>\n","protected":false},"author":1,"featured_media":0,"parent":0,"menu_order":0,"comment_status":"closed","ping_status":"closed","template":"elementor_header_footer","meta":{"footnotes":""},"class_list":["post-139","page","type-page","status-publish","hentry"],"_links":{"self":[{"href":"http:\/\/dream-site.net\/de\/wp-json\/wp\/v2\/pages\/139","targetHints":{"allow":["GET"]}}],"collection":[{"href":"http:\/\/dream-site.net\/de\/wp-json\/wp\/v2\/pages"}],"about":[{"href":"http:\/\/dream-site.net\/de\/wp-json\/wp\/v2\/types\/page"}],"author":[{"embeddable":true,"href":"http:\/\/dream-site.net\/de\/wp-json\/wp\/v2\/users\/1"}],"replies":[{"embeddable":true,"href":"http:\/\/dream-site.net\/de\/wp-json\/wp\/v2\/comments?post=139"}],"version-history":[{"count":10,"href":"http:\/\/dream-site.net\/de\/wp-json\/wp\/v2\/pages\/139\/revisions"}],"predecessor-version":[{"id":1993,"href":"http:\/\/dream-site.net\/de\/wp-json\/wp\/v2\/pages\/139\/revisions\/1993"}],"wp:attachment":[{"href":"http:\/\/dream-site.net\/de\/wp-json\/wp\/v2\/media?parent=139"}],"curies":[{"name":"wp","href":"https:\/\/api.w.org\/{rel}","templated":true}]}}